{"id":16859,"date":"2020-02-27T16:59:06","date_gmt":"2020-02-27T16:59:06","guid":{"rendered":"https:\/\/demo01.houzez.co\/?page_id=16859"},"modified":"2023-11-02T18:00:57","modified_gmt":"2023-11-02T21:00:57","slug":"search-results","status":"publish","type":"page","link":"https:\/\/www.gabrieltopanotti.com.br\/index.php\/search-results\/","title":{"rendered":"Resultados da Busca"},"content":{"rendered":"","protected":false},"excerpt":{"rendered":"","protected":false},"author":1,"featured_media":0,"parent":0,"menu_order":0,"comment_status":"closed","ping_status":"closed","template":"template\/template-search.php","meta":{"footnotes":""},"class_list":["post-16859","page","type-page","status-publish","hentry"],"yoast_head":"<!-- This site is optimized with the Yoast SEO plugin v26.3 - https:\/\/yoast.com\/wordpress\/plugins\/seo\/ -->\n<title>Resultados da Busca - Os Melhores Im\u00f3veis em Crici\u00fama, I\u00e7ara e Balne\u00e1rio Rinc\u00e3o<\/title>\n<meta name=\"robots\" content=\"index, follow, max-snippet:-1, max-image-preview:large, max-video-preview:-1\" \/>\n<link rel=\"canonical\" href=\"https:\/\/www.gabrieltopanotti.com.br\/index.php\/search-results\/\" \/>\n<meta property=\"og:locale\" content=\"pt_BR\" \/>\n<meta property=\"og:type\" content=\"article\" \/>\n<meta property=\"og:title\" content=\"Resultados da Busca - Os Melhores Im\u00f3veis em Crici\u00fama, I\u00e7ara e Balne\u00e1rio Rinc\u00e3o\" \/>\n<meta property=\"og:url\" content=\"https:\/\/www.gabrieltopanotti.com.br\/index.php\/search-results\/\" \/>\n<meta property=\"og:site_name\" content=\"Os Melhores Im\u00f3veis em Crici\u00fama, I\u00e7ara e Balne\u00e1rio Rinc\u00e3o\" \/>\n<meta property=\"article:publisher\" content=\"https:\/\/www.facebook.com\/gabrieltopanotti\" \/>\n<meta property=\"article:modified_time\" content=\"2023-11-02T21:00:57+00:00\" \/>\n<meta name=\"twitter:card\" content=\"summary_large_image\" \/>\n<script type=\"application\/ld+json\" class=\"yoast-schema-graph\">{\"@context\":\"https:\/\/schema.org\",\"@graph\":[{\"@type\":\"WebPage\",\"@id\":\"https:\/\/www.gabrieltopanotti.com.br\/index.php\/search-results\/\",\"url\":\"https:\/\/www.gabrieltopanotti.com.br\/index.php\/search-results\/\",\"name\":\"Resultados da Busca - Os Melhores Im\u00f3veis em Crici\u00fama, I\u00e7ara e Balne\u00e1rio Rinc\u00e3o\",\"isPartOf\":{\"@id\":\"https:\/\/www.gabrieltopanotti.com.br\/#website\"},\"datePublished\":\"2020-02-27T16:59:06+00:00\",\"dateModified\":\"2023-11-02T21:00:57+00:00\",\"breadcrumb\":{\"@id\":\"https:\/\/www.gabrieltopanotti.com.br\/index.php\/search-results\/#breadcrumb\"},\"inLanguage\":\"pt-BR\",\"potentialAction\":[{\"@type\":\"ReadAction\",\"target\":[\"https:\/\/www.gabrieltopanotti.com.br\/index.php\/search-results\/\"]}]},{\"@type\":\"BreadcrumbList\",\"@id\":\"https:\/\/www.gabrieltopanotti.com.br\/index.php\/search-results\/#breadcrumb\",\"itemListElement\":[{\"@type\":\"ListItem\",\"position\":1,\"name\":\"In\u00edcio\",\"item\":\"https:\/\/www.gabrieltopanotti.com.br\/\"},{\"@type\":\"ListItem\",\"position\":2,\"name\":\"Resultados da Busca\"}]},{\"@type\":\"WebSite\",\"@id\":\"https:\/\/www.gabrieltopanotti.com.br\/#website\",\"url\":\"https:\/\/www.gabrieltopanotti.com.br\/\",\"name\":\"Os Melhores Im\u00f3veis em Crici\u00fama, I\u00e7ara e Balne\u00e1rio Rinc\u00e3o\",\"description\":\"Venda Im\u00f3vies como Apartamentos, Lotes, Casas, Terrenos na cidade de Crici\u00fama, I\u00e7ara e Balne\u00e1rio Rinc\u00e3o.\",\"publisher\":{\"@id\":\"https:\/\/www.gabrieltopanotti.com.br\/#organization\"},\"potentialAction\":[{\"@type\":\"SearchAction\",\"target\":{\"@type\":\"EntryPoint\",\"urlTemplate\":\"https:\/\/www.gabrieltopanotti.com.br\/?s={search_term_string}\"},\"query-input\":{\"@type\":\"PropertyValueSpecification\",\"valueRequired\":true,\"valueName\":\"search_term_string\"}}],\"inLanguage\":\"pt-BR\"},{\"@type\":\"Organization\",\"@id\":\"https:\/\/www.gabrieltopanotti.com.br\/#organization\",\"name\":\"Os Melhores Im\u00f3veis em Crici\u00fama, I\u00e7ara e Balne\u00e1rio Rinc\u00e3o\",\"url\":\"https:\/\/www.gabrieltopanotti.com.br\/\",\"logo\":{\"@type\":\"ImageObject\",\"inLanguage\":\"pt-BR\",\"@id\":\"https:\/\/www.gabrieltopanotti.com.br\/#\/schema\/logo\/image\/\",\"url\":\"https:\/\/gabrieltopanotti.com.br\/wp-content\/uploads\/2023\/12\/logo-site-escura.webp\",\"contentUrl\":\"https:\/\/gabrieltopanotti.com.br\/wp-content\/uploads\/2023\/12\/logo-site-escura.webp\",\"width\":312,\"height\":110,\"caption\":\"Os Melhores Im\u00f3veis em Crici\u00fama, I\u00e7ara e Balne\u00e1rio Rinc\u00e3o\"},\"image\":{\"@id\":\"https:\/\/www.gabrieltopanotti.com.br\/#\/schema\/logo\/image\/\"},\"sameAs\":[\"https:\/\/www.facebook.com\/gabrieltopanotti\",\"https:\/\/www.instagram.com\/corretor.gabrieltopanotti\/\"]}]}<\/script>\n<!-- \/ Yoast SEO plugin. -->","yoast_head_json":{"title":"Resultados da Busca - Os Melhores Im\u00f3veis em Crici\u00fama, I\u00e7ara e Balne\u00e1rio Rinc\u00e3o","robots":{"index":"index","follow":"follow","max-snippet":"max-snippet:-1","max-image-preview":"max-image-preview:large","max-video-preview":"max-video-preview:-1"},"canonical":"https:\/\/www.gabrieltopanotti.com.br\/index.php\/search-results\/","og_locale":"pt_BR","og_type":"article","og_title":"Resultados da Busca - Os Melhores Im\u00f3veis em Crici\u00fama, I\u00e7ara e Balne\u00e1rio Rinc\u00e3o","og_url":"https:\/\/www.gabrieltopanotti.com.br\/index.php\/search-results\/","og_site_name":"Os Melhores Im\u00f3veis em Crici\u00fama, I\u00e7ara e Balne\u00e1rio Rinc\u00e3o","article_publisher":"https:\/\/www.facebook.com\/gabrieltopanotti","article_modified_time":"2023-11-02T21:00:57+00:00","twitter_card":"summary_large_image","schema":{"@context":"https:\/\/schema.org","@graph":[{"@type":"WebPage","@id":"https:\/\/www.gabrieltopanotti.com.br\/index.php\/search-results\/","url":"https:\/\/www.gabrieltopanotti.com.br\/index.php\/search-results\/","name":"Resultados da Busca - Os Melhores Im\u00f3veis em Crici\u00fama, I\u00e7ara e Balne\u00e1rio Rinc\u00e3o","isPartOf":{"@id":"https:\/\/www.gabrieltopanotti.com.br\/#website"},"datePublished":"2020-02-27T16:59:06+00:00","dateModified":"2023-11-02T21:00:57+00:00","breadcrumb":{"@id":"https:\/\/www.gabrieltopanotti.com.br\/index.php\/search-results\/#breadcrumb"},"inLanguage":"pt-BR","potentialAction":[{"@type":"ReadAction","target":["https:\/\/www.gabrieltopanotti.com.br\/index.php\/search-results\/"]}]},{"@type":"BreadcrumbList","@id":"https:\/\/www.gabrieltopanotti.com.br\/index.php\/search-results\/#breadcrumb","itemListElement":[{"@type":"ListItem","position":1,"name":"In\u00edcio","item":"https:\/\/www.gabrieltopanotti.com.br\/"},{"@type":"ListItem","position":2,"name":"Resultados da Busca"}]},{"@type":"WebSite","@id":"https:\/\/www.gabrieltopanotti.com.br\/#website","url":"https:\/\/www.gabrieltopanotti.com.br\/","name":"Os Melhores Im\u00f3veis em Crici\u00fama, I\u00e7ara e Balne\u00e1rio Rinc\u00e3o","description":"Venda Im\u00f3vies como Apartamentos, Lotes, Casas, Terrenos na cidade de Crici\u00fama, I\u00e7ara e Balne\u00e1rio Rinc\u00e3o.","publisher":{"@id":"https:\/\/www.gabrieltopanotti.com.br\/#organization"},"potentialAction":[{"@type":"SearchAction","target":{"@type":"EntryPoint","urlTemplate":"https:\/\/www.gabrieltopanotti.com.br\/?s={search_term_string}"},"query-input":{"@type":"PropertyValueSpecification","valueRequired":true,"valueName":"search_term_string"}}],"inLanguage":"pt-BR"},{"@type":"Organization","@id":"https:\/\/www.gabrieltopanotti.com.br\/#organization","name":"Os Melhores Im\u00f3veis em Crici\u00fama, I\u00e7ara e Balne\u00e1rio Rinc\u00e3o","url":"https:\/\/www.gabrieltopanotti.com.br\/","logo":{"@type":"ImageObject","inLanguage":"pt-BR","@id":"https:\/\/www.gabrieltopanotti.com.br\/#\/schema\/logo\/image\/","url":"https:\/\/gabrieltopanotti.com.br\/wp-content\/uploads\/2023\/12\/logo-site-escura.webp","contentUrl":"https:\/\/gabrieltopanotti.com.br\/wp-content\/uploads\/2023\/12\/logo-site-escura.webp","width":312,"height":110,"caption":"Os Melhores Im\u00f3veis em Crici\u00fama, I\u00e7ara e Balne\u00e1rio Rinc\u00e3o"},"image":{"@id":"https:\/\/www.gabrieltopanotti.com.br\/#\/schema\/logo\/image\/"},"sameAs":["https:\/\/www.facebook.com\/gabrieltopanotti","https:\/\/www.instagram.com\/corretor.gabrieltopanotti\/"]}]}},"_hostinger_reach_plugin_has_subscription_block":false,"_hostinger_reach_plugin_is_elementor":false,"_links":{"self":[{"href":"https:\/\/www.gabrieltopanotti.com.br\/index.php\/wp-json\/wp\/v2\/pages\/16859","targetHints":{"allow":["GET"]}}],"collection":[{"href":"https:\/\/www.gabrieltopanotti.com.br\/index.php\/wp-json\/wp\/v2\/pages"}],"about":[{"href":"https:\/\/www.gabrieltopanotti.com.br\/index.php\/wp-json\/wp\/v2\/types\/page"}],"author":[{"embeddable":true,"href":"https:\/\/www.gabrieltopanotti.com.br\/index.php\/wp-json\/wp\/v2\/users\/1"}],"replies":[{"embeddable":true,"href":"https:\/\/www.gabrieltopanotti.com.br\/index.php\/wp-json\/wp\/v2\/comments?post=16859"}],"version-history":[{"count":7,"href":"https:\/\/www.gabrieltopanotti.com.br\/index.php\/wp-json\/wp\/v2\/pages\/16859\/revisions"}],"predecessor-version":[{"id":18337,"href":"https:\/\/www.gabrieltopanotti.com.br\/index.php\/wp-json\/wp\/v2\/pages\/16859\/revisions\/18337"}],"wp:attachment":[{"href":"https:\/\/www.gabrieltopanotti.com.br\/index.php\/wp-json\/wp\/v2\/media?parent=16859"}],"curies":[{"name":"wp","href":"https:\/\/api.w.org\/{rel}","templated":true}]}}